{"id":4619,"date":"2026-03-17T13:54:45","date_gmt":"2026-03-17T13:54:45","guid":{"rendered":"https:\/\/izkatercumeodasiyayinlari.com\/kutuphanem\/"},"modified":"2026-03-17T13:54:45","modified_gmt":"2026-03-17T13:54:45","slug":"kutuphanem","status":"publish","type":"page","link":"https:\/\/izkatercumeodasiyayinlari.com\/en\/kutuphanem\/","title":{"rendered":"K\u00fct\u00fcphanem"},"content":{"rendered":"<div class=\"izka-login-required\"><p>K\u00fct\u00fcphanenizi g\u00f6r\u00fcnt\u00fclemek i\u00e7in giri\u015f yapman\u0131z gerekmektedir.<\/p><a href=\"https:\/\/izkatercumeodasiyayinlari.com\/en\/giris-yap\/\" class=\"izka-btn\">Giri\u015f Yap<\/a><\/div>","protected":false},"excerpt":{"rendered":"","protected":false},"author":6,"featured_media":0,"parent":0,"menu_order":0,"comment_status":"closed","ping_status":"closed","template":"","meta":{"footnotes":""},"class_list":["post-4619","page","type-page","status-publish","hentry"],"_links":{"self":[{"href":"https:\/\/izkatercumeodasiyayinlari.com\/en\/wp-json\/wp\/v2\/pages\/4619","targetHints":{"allow":["GET"]}}],"collection":[{"href":"https:\/\/izkatercumeodasiyayinlari.com\/en\/wp-json\/wp\/v2\/pages"}],"about":[{"href":"https:\/\/izkatercumeodasiyayinlari.com\/en\/wp-json\/wp\/v2\/types\/page"}],"author":[{"embeddable":true,"href":"https:\/\/izkatercumeodasiyayinlari.com\/en\/wp-json\/wp\/v2\/users\/6"}],"replies":[{"embeddable":true,"href":"https:\/\/izkatercumeodasiyayinlari.com\/en\/wp-json\/wp\/v2\/comments?post=4619"}],"version-history":[{"count":0,"href":"https:\/\/izkatercumeodasiyayinlari.com\/en\/wp-json\/wp\/v2\/pages\/4619\/revisions"}],"wp:attachment":[{"href":"https:\/\/izkatercumeodasiyayinlari.com\/en\/wp-json\/wp\/v2\/media?parent=4619"}],"curies":[{"name":"wp","href":"https:\/\/api.w.org\/{rel}","templated":true}]}}