{"id":4543,"date":"2026-03-12T10:27:20","date_gmt":"2026-03-12T10:27:20","guid":{"rendered":"https:\/\/izkatercumeodasiyayinlari.com\/sifre-sifirla\/"},"modified":"2026-03-12T10:27:20","modified_gmt":"2026-03-12T10:27:20","slug":"sifre-sifirla","status":"publish","type":"page","link":"https:\/\/izkatercumeodasiyayinlari.com\/en\/sifre-sifirla\/","title":{"rendered":"\u015eifre S\u0131f\u0131rla"},"content":{"rendered":"<p style=\"text-align:center;\">\u015eifre s\u0131f\u0131rlama i\u015flemi i\u00e7in <a href=\"https:\/\/izkatercumeodasiyayinlari.com\/en\/sifremi-unuttum\/\">buraya t\u0131klay\u0131n\u0131z<\/a>.<\/p>","protected":false},"excerpt":{"rendered":"","protected":false},"author":6,"featured_media":0,"parent":0,"menu_order":0,"comment_status":"closed","ping_status":"closed","template":"","meta":{"footnotes":""},"class_list":["post-4543","page","type-page","status-publish","hentry"],"_links":{"self":[{"href":"https:\/\/izkatercumeodasiyayinlari.com\/en\/wp-json\/wp\/v2\/pages\/4543","targetHints":{"allow":["GET"]}}],"collection":[{"href":"https:\/\/izkatercumeodasiyayinlari.com\/en\/wp-json\/wp\/v2\/pages"}],"about":[{"href":"https:\/\/izkatercumeodasiyayinlari.com\/en\/wp-json\/wp\/v2\/types\/page"}],"author":[{"embeddable":true,"href":"https:\/\/izkatercumeodasiyayinlari.com\/en\/wp-json\/wp\/v2\/users\/6"}],"replies":[{"embeddable":true,"href":"https:\/\/izkatercumeodasiyayinlari.com\/en\/wp-json\/wp\/v2\/comments?post=4543"}],"version-history":[{"count":0,"href":"https:\/\/izkatercumeodasiyayinlari.com\/en\/wp-json\/wp\/v2\/pages\/4543\/revisions"}],"wp:attachment":[{"href":"https:\/\/izkatercumeodasiyayinlari.com\/en\/wp-json\/wp\/v2\/media?parent=4543"}],"curies":[{"name":"wp","href":"https:\/\/api.w.org\/{rel}","templated":true}]}}